{"id":80,"date":"2020-10-01T06:40:25","date_gmt":"2020-10-01T04:40:25","guid":{"rendered":"https:\/\/www.sunreeftravel.com\/index.php\/project\/"},"modified":"2024-06-19T14:13:00","modified_gmt":"2024-06-19T12:13:00","slug":"nos-circuits","status":"publish","type":"page","link":"https:\/\/www.sunreeftravel.com\/de\/nos-circuits\/","title":{"rendered":"Unsere Touren"},"content":{"rendered":"<div data-elementor-type=\"wp-page\" data-elementor-id=\"80\" class=\"elementor elementor-80\" data-elementor-post-type=\"page\">\n\t\t\t\t<div class=\"aux-parallax-section elementor-element elementor-element-d6a1b56 e-flex e-con-boxed e-con e-parent\" data-id=\"d6a1b56\" data-element_type=\"container\">\n\t\t\t\t\t<div class=\"e-con-inner\">\n\t\t<div class=\"elementor-element elementor-element-5319a48 e-con-full e-flex e-con e-child\" data-id=\"5319a48\" data-element_type=\"container\" data-settings=\"{&quot;background_background&quot;:&quot;classic&quot;}\">\n\t\t\t\t<\/div>\n\t\t\t\t\t<\/div>\n\t\t\t\t<\/div>\n\t\t<div class=\"aux-parallax-section elementor-element elementor-element-d9cddec e-flex e-con-boxed e-con e-parent\" data-id=\"d9cddec\" data-element_type=\"container\">\n\t\t\t\t\t<div class=\"e-con-inner\">\n\t\t\t\t\t<\/div>\n\t\t\t\t<\/div>\n\t\t\t\t<\/div>","protected":false},"excerpt":{"rendered":"","protected":false},"author":1,"featured_media":0,"parent":0,"menu_order":0,"comment_status":"closed","ping_status":"closed","template":"elementor_header_footer","meta":{"footnotes":""},"class_list":["post-80","page","type-page","status-publish","hentry"],"yoast_head":"<!-- This site is optimized with the Yoast SEO plugin v23.5 - https:\/\/yoast.com\/wordpress\/plugins\/seo\/ -->\n<title>Nos circuits - Sunreef Travel Madagascar<\/title>\n<meta name=\"description\" content=\"Nos circuits touristiques. Notre tour op\u00e9rateur Sunreef Travel Madagascar vous r\u00e9serve des offres exclusives \u00e0 des prix comp\u00e9titifs.\" \/>\n<meta name=\"robots\" content=\"index, follow, max-snippet:-1, max-image-preview:large, max-video-preview:-1\" \/>\n<link rel=\"canonical\" href=\"https:\/\/www.sunreeftravel.com\/de\/nos-circuits\/\" \/>\n<meta property=\"og:locale\" content=\"de_DE\" \/>\n<meta property=\"og:type\" content=\"article\" \/>\n<meta property=\"og:title\" content=\"Nos circuits - Sunreef Travel Madagascar\" \/>\n<meta property=\"og:description\" content=\"Nos circuits touristiques. Notre tour op\u00e9rateur Sunreef Travel Madagascar vous r\u00e9serve des offres exclusives \u00e0 des prix comp\u00e9titifs.\" \/>\n<meta property=\"og:url\" content=\"https:\/\/www.sunreeftravel.com\/de\/nos-circuits\/\" \/>\n<meta property=\"og:site_name\" content=\"Sunreef Travel Madagascar\" \/>\n<meta property=\"article:modified_time\" content=\"2024-06-19T12:13:00+00:00\" \/>\n<meta property=\"og:image\" content=\"https:\/\/www.sunreeftravel.com\/wp-content\/uploads\/2024\/06\/Tsingy-et-Baobab.webp\" \/>\n<meta name=\"twitter:card\" content=\"summary_large_image\" \/>\n<meta name=\"twitter:label1\" content=\"Gesch\u00e4tzte Lesezeit\" \/>\n\t<meta name=\"twitter:data1\" content=\"3\u00a0Minuten\" \/>\n<script type=\"application\/ld+json\" class=\"yoast-schema-graph\">{\"@context\":\"https:\/\/schema.org\",\"@graph\":[{\"@type\":\"WebPage\",\"@id\":\"https:\/\/www.sunreeftravel.com\/nos-circuits\/\",\"url\":\"https:\/\/www.sunreeftravel.com\/nos-circuits\/\",\"name\":\"Nos circuits - Sunreef Travel Madagascar\",\"isPartOf\":{\"@id\":\"https:\/\/www.sunreeftravel.com\/#website\"},\"primaryImageOfPage\":{\"@id\":\"https:\/\/www.sunreeftravel.com\/nos-circuits\/#primaryimage\"},\"image\":{\"@id\":\"https:\/\/www.sunreeftravel.com\/nos-circuits\/#primaryimage\"},\"thumbnailUrl\":\"https:\/\/www.sunreeftravel.com\/wp-content\/uploads\/2024\/06\/Tsingy-et-Baobab.webp\",\"datePublished\":\"2020-10-01T04:40:25+00:00\",\"dateModified\":\"2024-06-19T12:13:00+00:00\",\"description\":\"Nos circuits touristiques. Notre tour op\u00e9rateur Sunreef Travel Madagascar vous r\u00e9serve des offres exclusives \u00e0 des prix comp\u00e9titifs.\",\"breadcrumb\":{\"@id\":\"https:\/\/www.sunreeftravel.com\/nos-circuits\/#breadcrumb\"},\"inLanguage\":\"de\",\"potentialAction\":[{\"@type\":\"ReadAction\",\"target\":[\"https:\/\/www.sunreeftravel.com\/nos-circuits\/\"]}]},{\"@type\":\"ImageObject\",\"inLanguage\":\"de\",\"@id\":\"https:\/\/www.sunreeftravel.com\/nos-circuits\/#primaryimage\",\"url\":\"https:\/\/www.sunreeftravel.com\/wp-content\/uploads\/2024\/06\/Tsingy-et-Baobab.webp\",\"contentUrl\":\"https:\/\/www.sunreeftravel.com\/wp-content\/uploads\/2024\/06\/Tsingy-et-Baobab.webp\"},{\"@type\":\"BreadcrumbList\",\"@id\":\"https:\/\/www.sunreeftravel.com\/nos-circuits\/#breadcrumb\",\"itemListElement\":[{\"@type\":\"ListItem\",\"position\":1,\"name\":\"Home\",\"item\":\"https:\/\/www.sunreeftravel.com\/\"},{\"@type\":\"ListItem\",\"position\":2,\"name\":\"Nos circuits\"}]},{\"@type\":\"WebSite\",\"@id\":\"https:\/\/www.sunreeftravel.com\/#website\",\"url\":\"https:\/\/www.sunreeftravel.com\/\",\"name\":\"Sunreef Travel Madagascar\",\"description\":\"Par amour du voyage et de l&#039;exceptionnel\",\"publisher\":{\"@id\":\"https:\/\/www.sunreeftravel.com\/#organization\"},\"potentialAction\":[{\"@type\":\"SearchAction\",\"target\":{\"@type\":\"EntryPoint\",\"urlTemplate\":\"https:\/\/www.sunreeftravel.com\/?s={search_term_string}\"},\"query-input\":{\"@type\":\"PropertyValueSpecification\",\"valueRequired\":true,\"valueName\":\"search_term_string\"}}],\"inLanguage\":\"de\"},{\"@type\":\"Organization\",\"@id\":\"https:\/\/www.sunreeftravel.com\/#organization\",\"name\":\"Sunreef Travel Madagascar\",\"url\":\"https:\/\/www.sunreeftravel.com\/\",\"logo\":{\"@type\":\"ImageObject\",\"inLanguage\":\"de\",\"@id\":\"https:\/\/www.sunreeftravel.com\/#\/schema\/logo\/image\/\",\"url\":\"https:\/\/www.sunreeftravel.com\/wp-content\/uploads\/2024\/03\/logo_sunfree_travel-2022.png\",\"contentUrl\":\"https:\/\/www.sunreeftravel.com\/wp-content\/uploads\/2024\/03\/logo_sunfree_travel-2022.png\",\"width\":719,\"height\":200,\"caption\":\"Sunreef Travel Madagascar\"},\"image\":{\"@id\":\"https:\/\/www.sunreeftravel.com\/#\/schema\/logo\/image\/\"}}]}<\/script>\n<!-- \/ Yoast SEO plugin. -->","yoast_head_json":{"title":"Nos circuits - Sunreef Travel Madagascar","description":"Nos circuits touristiques. Notre tour op\u00e9rateur Sunreef Travel Madagascar vous r\u00e9serve des offres exclusives \u00e0 des prix comp\u00e9titifs.","robots":{"index":"index","follow":"follow","max-snippet":"max-snippet:-1","max-image-preview":"max-image-preview:large","max-video-preview":"max-video-preview:-1"},"canonical":"https:\/\/www.sunreeftravel.com\/de\/nos-circuits\/","og_locale":"de_DE","og_type":"article","og_title":"Nos circuits - Sunreef Travel Madagascar","og_description":"Nos circuits touristiques. Notre tour op\u00e9rateur Sunreef Travel Madagascar vous r\u00e9serve des offres exclusives \u00e0 des prix comp\u00e9titifs.","og_url":"https:\/\/www.sunreeftravel.com\/de\/nos-circuits\/","og_site_name":"Sunreef Travel Madagascar","article_modified_time":"2024-06-19T12:13:00+00:00","og_image":[{"url":"https:\/\/www.sunreeftravel.com\/wp-content\/uploads\/2024\/06\/Tsingy-et-Baobab.webp"}],"twitter_card":"summary_large_image","twitter_misc":{"Gesch\u00e4tzte Lesezeit":"3\u00a0Minuten"},"schema":{"@context":"https:\/\/schema.org","@graph":[{"@type":"WebPage","@id":"https:\/\/www.sunreeftravel.com\/nos-circuits\/","url":"https:\/\/www.sunreeftravel.com\/nos-circuits\/","name":"Nos circuits - Sunreef Travel Madagascar","isPartOf":{"@id":"https:\/\/www.sunreeftravel.com\/#website"},"primaryImageOfPage":{"@id":"https:\/\/www.sunreeftravel.com\/nos-circuits\/#primaryimage"},"image":{"@id":"https:\/\/www.sunreeftravel.com\/nos-circuits\/#primaryimage"},"thumbnailUrl":"https:\/\/www.sunreeftravel.com\/wp-content\/uploads\/2024\/06\/Tsingy-et-Baobab.webp","datePublished":"2020-10-01T04:40:25+00:00","dateModified":"2024-06-19T12:13:00+00:00","description":"Nos circuits touristiques. Notre tour op\u00e9rateur Sunreef Travel Madagascar vous r\u00e9serve des offres exclusives \u00e0 des prix comp\u00e9titifs.","breadcrumb":{"@id":"https:\/\/www.sunreeftravel.com\/nos-circuits\/#breadcrumb"},"inLanguage":"de","potentialAction":[{"@type":"ReadAction","target":["https:\/\/www.sunreeftravel.com\/nos-circuits\/"]}]},{"@type":"ImageObject","inLanguage":"de","@id":"https:\/\/www.sunreeftravel.com\/nos-circuits\/#primaryimage","url":"https:\/\/www.sunreeftravel.com\/wp-content\/uploads\/2024\/06\/Tsingy-et-Baobab.webp","contentUrl":"https:\/\/www.sunreeftravel.com\/wp-content\/uploads\/2024\/06\/Tsingy-et-Baobab.webp"},{"@type":"BreadcrumbList","@id":"https:\/\/www.sunreeftravel.com\/nos-circuits\/#breadcrumb","itemListElement":[{"@type":"ListItem","position":1,"name":"Home","item":"https:\/\/www.sunreeftravel.com\/"},{"@type":"ListItem","position":2,"name":"Nos circuits"}]},{"@type":"WebSite","@id":"https:\/\/www.sunreeftravel.com\/#website","url":"https:\/\/www.sunreeftravel.com\/","name":"Sunreef Travel Madagascar","description":"Aus Liebe zum Reisen und zum Au\u00dfergew\u00f6hnlichen","publisher":{"@id":"https:\/\/www.sunreeftravel.com\/#organization"},"potentialAction":[{"@type":"SearchAction","target":{"@type":"EntryPoint","urlTemplate":"https:\/\/www.sunreeftravel.com\/?s={search_term_string}"},"query-input":{"@type":"PropertyValueSpecification","valueRequired":true,"valueName":"search_term_string"}}],"inLanguage":"de"},{"@type":"Organization","@id":"https:\/\/www.sunreeftravel.com\/#organization","name":"Sunreef Travel Madagascar","url":"https:\/\/www.sunreeftravel.com\/","logo":{"@type":"ImageObject","inLanguage":"de","@id":"https:\/\/www.sunreeftravel.com\/#\/schema\/logo\/image\/","url":"https:\/\/www.sunreeftravel.com\/wp-content\/uploads\/2024\/03\/logo_sunfree_travel-2022.png","contentUrl":"https:\/\/www.sunreeftravel.com\/wp-content\/uploads\/2024\/03\/logo_sunfree_travel-2022.png","width":719,"height":200,"caption":"Sunreef Travel Madagascar"},"image":{"@id":"https:\/\/www.sunreeftravel.com\/#\/schema\/logo\/image\/"}}]}},"_links":{"self":[{"href":"https:\/\/www.sunreeftravel.com\/de\/wp-json\/wp\/v2\/pages\/80"}],"collection":[{"href":"https:\/\/www.sunreeftravel.com\/de\/wp-json\/wp\/v2\/pages"}],"about":[{"href":"https:\/\/www.sunreeftravel.com\/de\/wp-json\/wp\/v2\/types\/page"}],"author":[{"embeddable":true,"href":"https:\/\/www.sunreeftravel.com\/de\/wp-json\/wp\/v2\/users\/1"}],"replies":[{"embeddable":true,"href":"https:\/\/www.sunreeftravel.com\/de\/wp-json\/wp\/v2\/comments?post=80"}],"version-history":[{"count":123,"href":"https:\/\/www.sunreeftravel.com\/de\/wp-json\/wp\/v2\/pages\/80\/revisions"}],"predecessor-version":[{"id":3413,"href":"https:\/\/www.sunreeftravel.com\/de\/wp-json\/wp\/v2\/pages\/80\/revisions\/3413"}],"wp:attachment":[{"href":"https:\/\/www.sunreeftravel.com\/de\/wp-json\/wp\/v2\/media?parent=80"}],"curies":[{"name":"wp","href":"https:\/\/api.w.org\/{rel}","templated":true}]}}